{"id":2320,"date":"2026-04-08T12:23:08","date_gmt":"2026-04-08T12:23:08","guid":{"rendered":"https:\/\/vicentetorns.com\/?page_id=2320"},"modified":"2026-04-08T12:23:59","modified_gmt":"2026-04-08T12:23:59","slug":"portal-de-denuncias","status":"publish","type":"page","link":"https:\/\/vicentetorns.com\/en\/portal-de-denuncias\/","title":{"rendered":"Sistema Interno de Informaci\u00f3n"},"content":{"rendered":"<p><b data-olk-copy-source=\"MessageBody\">Sistema Interno de Informaci\u00f3n\u00a0<\/b><\/p>\n<p>&nbsp;<\/p>\n<p>TORNS ENTERPRISES S.L.\u00a0dispone de un Sistema Interno de Informaci\u00f3n que permite denunciar bajo la protecci\u00f3n de la\u00a0Ley, cualquier irregularidad que pueda constituir una infracci\u00f3n penal o administrativa grave o muy grave.<\/p>\n<p>Podr\u00e1n utilizar este Sistema Interno de Informaci\u00f3n, en todo caso, las siguientes personas:<\/p>\n<ul type=\"disc\">\n<li>Los empleados.<\/li>\n<\/ul>\n<ul type=\"disc\">\n<li>Los aut\u00f3nomos.<\/li>\n<\/ul>\n<ul type=\"disc\">\n<li>Cualquier persona que trabaje por o bajo la supervisi\u00f3n y direcci\u00f3n de contratistas, subcontratistas y proveedores.<\/li>\n<\/ul>\n<ul type=\"disc\">\n<li>Aquellas que comuniquen informaci\u00f3n sobre infracciones obtenida en el marco de una relaci\u00f3n laboral o estatutaria ya finalizada.<\/li>\n<\/ul>\n<ul type=\"disc\">\n<li>Becarios y trabajadores en per\u00edodos de formaci\u00f3n.<\/li>\n<\/ul>\n<ul type=\"disc\">\n<li>Aquellas personas cuya relaci\u00f3n laboral todav\u00eda no haya empezado en los casos en que la informaci\u00f3n sobre infracciones haya sido obtenida durante el proceso de selecci\u00f3n.<\/li>\n<\/ul>\n<p>Para la utilizaci\u00f3n del Sistema Interno de Informaci\u00f3n se puede acudir al siguiente enlace:<\/p>\n<p><i><a title=\"Direcci\u00f3n URL original: https:\/\/centinela.lefebvre.es\/public\/concept\/2377810?access=%2B1r%2FgDjVjepE2CzJdwLJFHYJpISLFTfGOs4zFhzV2Kc%3D. Haga clic o pulse si conf\u00eda en este v\u00ednculo.\" href=\"https:\/\/eur02.safelinks.protection.outlook.com\/?url=https%3A%2F%2Fcentinela.lefebvre.es%2Fpublic%2Fconcept%2F2377810%3Faccess%3D%252B1r%252FgDjVjepE2CzJdwLJFHYJpISLFTfGOs4zFhzV2Kc%253D&amp;data=05%7C02%7Cpcortes%40vicentetorns.com%7Cf243fd6a64534e626e3b08de9493f7fa%7Cffa9af01270442588cd21a4b45ab1df1%7C0%7C0%7C639111560406914099%7CUnknown%7CTWFpbGZsb3d8eyJFbXB0eU1hcGkiOnRydWUsIlYiOiIwLjAuMDAwMCIsIlAiOiJXaW4zMiIsIkFOIjoiTWFpbCIsIldUIjoyfQ%3D%3D%7C0%7C%7C%7C&amp;sdata=hz7bsjvlpW58HUorDZ5FRzEnLgfaYNU5%2Fs%2FlO6COUqw%3D&amp;reserved=0\" data-auth=\"NotApplicable\" data-linkindex=\"0\" data-ogsc=\"\">Sistema de Informaci\u00f3n Interna<\/a><\/i><\/p>\n<p>En dicho enlace tiene a su disposici\u00f3n la Pol\u00edtica del Sistema Interno de Informaci\u00f3n donde se regulan los derechos y garant\u00edas que asisten a los informantes.<\/p>\n<p>El Sistema Interno de Informaci\u00f3n no es un servicio de emergencia. Las denuncias presentadas a trav\u00e9s de este canal no recibir\u00e1n una respuesta inmediata.<\/p>\n<p>En el caso de que se quiera hacer una reclamaci\u00f3n comercial o de calidad el Sistema Interno de Informaci\u00f3n no es el canal oficial para presentar reclamaciones.<\/p>\n","protected":false},"excerpt":{"rendered":"<p>Sistema Interno de Informaci\u00f3n\u00a0 &nbsp; TORNS ENTERPRISES S.L.\u00a0dispone de un  [&#8230;]<\/p>\n","protected":false},"author":3,"featured_media":0,"parent":0,"menu_order":0,"comment_status":"closed","ping_status":"closed","template":"","meta":{"footnotes":""},"class_list":["post-2320","page","type-page","status-publish","hentry"],"yoast_head":"<!-- This site is optimized with the Yoast SEO plugin v27.3 - https:\/\/yoast.com\/product\/yoast-seo-wordpress\/ -->\n<title>Sistema Interno de Informaci\u00f3n - Vicente Torns<\/title>\n<meta name=\"robots\" content=\"index, follow, max-snippet:-1, max-image-preview:large, max-video-preview:-1\" \/>\n<link rel=\"canonical\" href=\"https:\/\/vicentetorns.com\/en\/portal-de-denuncias\/\" \/>\n<meta property=\"og:locale\" content=\"en_US\" \/>\n<meta property=\"og:type\" content=\"article\" \/>\n<meta property=\"og:title\" content=\"Sistema Interno de Informaci\u00f3n - Vicente Torns\" \/>\n<meta property=\"og:description\" content=\"Sistema Interno de Informaci\u00f3n\u00a0 &nbsp; TORNS ENTERPRISES S.L.\u00a0dispone de un [...]\" \/>\n<meta property=\"og:url\" content=\"https:\/\/vicentetorns.com\/en\/portal-de-denuncias\/\" \/>\n<meta property=\"og:site_name\" content=\"Vicente Torns\" \/>\n<meta property=\"article:modified_time\" content=\"2026-04-08T12:23:59+00:00\" \/>\n<meta name=\"twitter:card\" content=\"summary_large_image\" \/>\n<meta name=\"twitter:label1\" content=\"Est. reading time\" \/>\n\t<meta name=\"twitter:data1\" content=\"1 minute\" \/>\n<script type=\"application\/ld+json\" class=\"yoast-schema-graph\">{\"@context\":\"https:\\\/\\\/schema.org\",\"@graph\":[{\"@type\":\"WebPage\",\"@id\":\"https:\\\/\\\/vicentetorns.com\\\/en\\\/portal-de-denuncias\\\/\",\"url\":\"https:\\\/\\\/vicentetorns.com\\\/en\\\/portal-de-denuncias\\\/\",\"name\":\"Sistema Interno de Informaci\u00f3n - Vicente Torns\",\"isPartOf\":{\"@id\":\"https:\\\/\\\/vicentetorns.com\\\/en\\\/#website\"},\"datePublished\":\"2026-04-08T12:23:08+00:00\",\"dateModified\":\"2026-04-08T12:23:59+00:00\",\"breadcrumb\":{\"@id\":\"https:\\\/\\\/vicentetorns.com\\\/en\\\/portal-de-denuncias\\\/#breadcrumb\"},\"inLanguage\":\"en-US\",\"potentialAction\":[{\"@type\":\"ReadAction\",\"target\":[\"https:\\\/\\\/vicentetorns.com\\\/en\\\/portal-de-denuncias\\\/\"]}]},{\"@type\":\"BreadcrumbList\",\"@id\":\"https:\\\/\\\/vicentetorns.com\\\/en\\\/portal-de-denuncias\\\/#breadcrumb\",\"itemListElement\":[{\"@type\":\"ListItem\",\"position\":1,\"name\":\"Front page\",\"item\":\"https:\\\/\\\/vicentetorns.com\\\/en\\\/home\\\/\"},{\"@type\":\"ListItem\",\"position\":2,\"name\":\"Sistema Interno de Informaci\u00f3n\"}]},{\"@type\":\"WebSite\",\"@id\":\"https:\\\/\\\/vicentetorns.com\\\/en\\\/#website\",\"url\":\"https:\\\/\\\/vicentetorns.com\\\/en\\\/\",\"name\":\"VicenteTorns\",\"description\":\"Just another WordPress site\",\"potentialAction\":[{\"@type\":\"SearchAction\",\"target\":{\"@type\":\"EntryPoint\",\"urlTemplate\":\"https:\\\/\\\/vicentetorns.com\\\/en\\\/?s={search_term_string}\"},\"query-input\":{\"@type\":\"PropertyValueSpecification\",\"valueRequired\":true,\"valueName\":\"search_term_string\"}}],\"inLanguage\":\"en-US\"}]}<\/script>\n<!-- \/ Yoast SEO plugin. -->","yoast_head_json":{"title":"Sistema Interno de Informaci\u00f3n - Vicente Torns","robots":{"index":"index","follow":"follow","max-snippet":"max-snippet:-1","max-image-preview":"max-image-preview:large","max-video-preview":"max-video-preview:-1"},"canonical":"https:\/\/vicentetorns.com\/en\/portal-de-denuncias\/","og_locale":"en_US","og_type":"article","og_title":"Sistema Interno de Informaci\u00f3n - Vicente Torns","og_description":"Sistema Interno de Informaci\u00f3n\u00a0 &nbsp; TORNS ENTERPRISES S.L.\u00a0dispone de un [...]","og_url":"https:\/\/vicentetorns.com\/en\/portal-de-denuncias\/","og_site_name":"Vicente Torns","article_modified_time":"2026-04-08T12:23:59+00:00","twitter_card":"summary_large_image","twitter_misc":{"Est. reading time":"1 minute"},"schema":{"@context":"https:\/\/schema.org","@graph":[{"@type":"WebPage","@id":"https:\/\/vicentetorns.com\/en\/portal-de-denuncias\/","url":"https:\/\/vicentetorns.com\/en\/portal-de-denuncias\/","name":"Sistema Interno de Informaci\u00f3n - Vicente Torns","isPartOf":{"@id":"https:\/\/vicentetorns.com\/en\/#website"},"datePublished":"2026-04-08T12:23:08+00:00","dateModified":"2026-04-08T12:23:59+00:00","breadcrumb":{"@id":"https:\/\/vicentetorns.com\/en\/portal-de-denuncias\/#breadcrumb"},"inLanguage":"en-US","potentialAction":[{"@type":"ReadAction","target":["https:\/\/vicentetorns.com\/en\/portal-de-denuncias\/"]}]},{"@type":"BreadcrumbList","@id":"https:\/\/vicentetorns.com\/en\/portal-de-denuncias\/#breadcrumb","itemListElement":[{"@type":"ListItem","position":1,"name":"Front page","item":"https:\/\/vicentetorns.com\/en\/home\/"},{"@type":"ListItem","position":2,"name":"Sistema Interno de Informaci\u00f3n"}]},{"@type":"WebSite","@id":"https:\/\/vicentetorns.com\/en\/#website","url":"https:\/\/vicentetorns.com\/en\/","name":"VicenteTorns","description":"Just another WordPress site","potentialAction":[{"@type":"SearchAction","target":{"@type":"EntryPoint","urlTemplate":"https:\/\/vicentetorns.com\/en\/?s={search_term_string}"},"query-input":{"@type":"PropertyValueSpecification","valueRequired":true,"valueName":"search_term_string"}}],"inLanguage":"en-US"}]}},"_links":{"self":[{"href":"https:\/\/vicentetorns.com\/en\/wp-json\/wp\/v2\/pages\/2320","targetHints":{"allow":["GET"]}}],"collection":[{"href":"https:\/\/vicentetorns.com\/en\/wp-json\/wp\/v2\/pages"}],"about":[{"href":"https:\/\/vicentetorns.com\/en\/wp-json\/wp\/v2\/types\/page"}],"author":[{"embeddable":true,"href":"https:\/\/vicentetorns.com\/en\/wp-json\/wp\/v2\/users\/3"}],"replies":[{"embeddable":true,"href":"https:\/\/vicentetorns.com\/en\/wp-json\/wp\/v2\/comments?post=2320"}],"version-history":[{"count":2,"href":"https:\/\/vicentetorns.com\/en\/wp-json\/wp\/v2\/pages\/2320\/revisions"}],"predecessor-version":[{"id":2322,"href":"https:\/\/vicentetorns.com\/en\/wp-json\/wp\/v2\/pages\/2320\/revisions\/2322"}],"wp:attachment":[{"href":"https:\/\/vicentetorns.com\/en\/wp-json\/wp\/v2\/media?parent=2320"}],"curies":[{"name":"wp","href":"https:\/\/api.w.org\/{rel}","templated":true}]}}