{"id":608,"date":"2021-03-24T15:20:22","date_gmt":"2021-03-24T15:20:22","guid":{"rendered":"https:\/\/vicentetorns.nbgroup.es\/privacy-policy\/"},"modified":"2026-02-27T09:41:49","modified_gmt":"2026-02-27T09:41:49","slug":"privacy-policy","status":"publish","type":"page","link":"https:\/\/vicentetorns.com\/en\/privacy-policy\/","title":{"rendered":"Privacy Policy"},"content":{"rendered":"<div class=\"fusion-fullwidth fullwidth-box fusion-builder-row-1 fusion-flex-container nonhundred-percent-fullwidth non-hundred-percent-height-scrolling\" style=\"--awb-border-radius-top-left:0px;--awb-border-radius-top-right:0px;--awb-border-radius-bottom-right:0px;--awb-border-radius-bottom-left:0px;--awb-flex-wrap:wrap;\" ><div class=\"fusion-builder-row fusion-row fusion-flex-align-items-flex-start fusion-flex-content-wrap\" style=\"max-width:1248px;margin-left: calc(-4% \/ 2 );margin-right: calc(-4% \/ 2 );\"><div class=\"fusion-layout-column fusion_builder_column fusion-builder-column-0 fusion_builder_column_1_1 1_1 fusion-flex-column\" style=\"--awb-bg-size:cover;--awb-width-large:100%;--awb-margin-top-large:0px;--awb-spacing-right-large:1.92%;--awb-margin-bottom-large:0px;--awb-spacing-left-large:1.92%;--awb-width-medium:100%;--awb-spacing-right-medium:1.92%;--awb-spacing-left-medium:1.92%;--awb-width-small:100%;--awb-spacing-right-small:1.92%;--awb-spacing-left-small:1.92%;\"><div class=\"fusion-column-wrapper fusion-flex-justify-content-flex-start fusion-content-layout-column\"><div class=\"fusion-text fusion-text-1\"><p>&#13;<\/p>\n<p><strong>CONSENTIMIENTO Y AUTORIZACI\u00d3N AL TRATAMIENTO AUTOMATIZADO DE SUS DATOS PERSONALES<\/strong><\/p>\n<p>&#13;<\/p>\n<p><strong>Finalidad:\u00a0<\/strong>como responsable del Fichero, le informa que en el momento que el Usuario nos facilita sus datos de car\u00e1cter personal, mediante correos electr\u00f3nicos, est\u00e1 otorgando su autorizaci\u00f3n y consentimiento expreso para la incorporaci\u00f3n y tratamiento de sus datos en nuestros Ficheros, si bien con car\u00e1cter revocable y sin efectos retroactivos, aceptando la presente pol\u00edtica de privacidad respecto a los datos suministrados, que en todo momento ser\u00e1n tratados confidencialmente, observando todas las exigencias legales recogidas en la Ley Org\u00e1nica de Protecci\u00f3n de Datos y dem\u00e1s legislaci\u00f3n aplicable. La presente pol\u00edtica de privacidad se rige por la normativa exclusivamente aplicable en Espa\u00f1a, quedando sometida a ella todo Usuario que utilice esta Web, tanto nacionales como extranjeros.<\/p>\n<p>&#13;<\/p>\n<p><strong>Legitimaci\u00f3n:\u00a0<\/strong>Su consentimiento<\/p>\n<p>&#13;<\/p>\n<p><strong>Destinatarios:\u00a0<\/strong>No se ceder\u00e1n a terceros ajenos a las empresas de VICENTE TORNS, salvo obligaci\u00f3n legal.<\/p>\n<p>&#13;<\/p>\n<p><strong>Derechos:\u00a0<\/strong>Tiene usted derecho a obtener confirmaci\u00f3n sobre si en VICENTE TORNS estamos tratando datos personales que le conciernan, o no. Tiene derecho a acceder a sus datos personales, as\u00ed como a solicitar la rectificaci\u00f3n de los datos inexactos o, en su caso, solicitar su supresi\u00f3n cuando, entre otros motivos, los datos ya no sean necesarios para los fines que fueron recogidos. En determinadas circunstancias, puede solicitar la limitaci\u00f3n del tratamiento de sus datos, en cuyo caso \u00fanicamente los conservaremos para el ejercicio o la defensa de reclamaciones o por obligaci\u00f3n legal. En determinadas circunstancias y por motivos relacionados con su situaci\u00f3n particular, puede oponerse al tratamiento de sus datos. En este caso, dejaremos de tratar sus datos personales, salvo por motivos leg\u00edtimos imperiosos, o el ejercicio o la defensa de posibles reclamaciones. Tambi\u00e9n puede solicitar la portabilidad de sus datos personales, cuando sea t\u00e9cnicamente posible. Puede ejercer sus derechos a la empresa. (Detalles en el cabecero de este aviso legal).<\/p>\n<p>&#13;<\/p>\n<p>VICENTE TORNS como responsable del Fichero, le informa que en el momento que el Usuario nos facilita sus datos de car\u00e1cter personal, mediante correos electr\u00f3nicos, est\u00e1 otorgando su autorizaci\u00f3n y consentimiento expreso para la incorporaci\u00f3n y tratamiento de sus datos en nuestros Ficheros, si bien con car\u00e1cter revocable y sin efectos retroactivos, aceptando la presente pol\u00edtica de privacidad respecto a los datos suministrados, que en todo momento ser\u00e1n tratados confidencialmente, observando todas las exigencias legales recogidas en la Ley Org\u00e1nica de Protecci\u00f3n de Datos, de la GDPR y dem\u00e1s legislaci\u00f3n aplicable. La presente pol\u00edtica de privacidad se rige por la normativa exclusivamente aplicable en Espa\u00f1a, quedando sometido a ella todo Usuario que utilice esta Web, tanto nacionales como extranjeros.<\/p>\n<p>&#13;<\/p>\n<p><strong>DATOS SOLICITADOS Y FINALIDAD<\/strong><\/p>\n<p>&#13;<\/p>\n<p>La recogida y tratamiento automatizado de los datos personales por VICENTE TORNS a trav\u00e9s de la presente Web tiene como finalidad la gesti\u00f3n y administraci\u00f3n de los servicios ofrecidos por VICENTE TORNS o eventuales ofertas de empleos, garantizando una atenci\u00f3n integral al Usuario y, en concreto ofrecerle un correcto tratamiento de sus datos, facilitando el Usuario todos los datos personales necesarios para su adecuada y completa identificaci\u00f3n, as\u00ed como ofrecerle informaci\u00f3n para la recogida y proceso de informaci\u00f3n de los datos del Usuario en el desarrollo de la actividad y, el env\u00edo de ofertas comerciales en el futuro, sobre productos y servicios que pueden resultar de su inter\u00e9s, el env\u00edo de actualizaciones de servicios, el env\u00edo por medios tradicionales o electr\u00f3nicos de informaci\u00f3n t\u00e9cnica, operativa o comercial, sobre productos o servicios ofrecidos por VICENTE TORNS y\/o por terceras Empresas Colaboradoras, env\u00edo peri\u00f3dico de avisos o env\u00edo de informaci\u00f3n expresamente solicitada por el Usuario. Aplicando a los Ficheros todas las medidas de seguridad contempladas en el Real Decreto 1720\/2007, de 21 de diciembre y del GDPR de 2016, y dem\u00e1s normativas en materia de Protecci\u00f3n de Datos de Car\u00e1cter Personal, como garant\u00eda en la confidencialidad del tratamiento.<\/p>\n<p>&#13;<\/p>\n<p>VICENTE TORNS le informa que en ning\u00fan caso el Usuario est\u00e1 obligado a facilitar sus datos personales y, que para el caso que decida facilitarlos, \u00e9stos son los adecuados, pertinentes y estrictamente necesarios, en correspondencia con la consulta sobre el servicio o ofertas de trabajo y, que resultan imprescindibles para proporcionarle las informaciones pertinentes.<\/p>\n<p>&#13;<\/p>\n<p><strong>DERECHOS<\/strong><\/p>\n<p>&#13;<\/p>\n<p>Tiene usted derecho a obtener confirmaci\u00f3n sobre si en VICENTE TORNS estamos tratando datos personales que le conciernan, o no. Tiene derecho a acceder a sus datos personales, as\u00ed como a solicitar la rectificaci\u00f3n de los datos inexactos o, en su caso, solicitar su supresi\u00f3n cuando, entre otros motivos, los datos ya no sean necesarios para los fines que fueron recogidos. En determinadas circunstancias, puede solicitar la limitaci\u00f3n del tratamiento de sus datos, en cuyo caso \u00fanicamente los conservaremos para el ejercicio o la defensa de reclamaciones o por obligaci\u00f3n legal. En determinadas circunstancias y por motivos relacionados con su situaci\u00f3n particular, puede oponerse al tratamiento de sus datos. En este caso, dejaremos de tratar sus datos personales, salvo por motivos leg\u00edtimos imperiosos, o el ejercicio o la defensa de posibles reclamaciones. Tambi\u00e9n puede solicitar la portabilidad de sus datos personales, cuando sea t\u00e9cnicamente posible. Puede ejercer sus derechos dirigi\u00e9ndose a la direcci\u00f3n indicada en esta p\u00e1gina.<\/p>\n<p>&#13;<\/p>\n<p><strong>GARANTIA DE CONFIDENCIALIDAD Y SEGURIDAD DE LOS FICHEROS<\/strong><\/p>\n<p>&#13;<\/p>\n<p>VICENTE TORNS se compromete al cumplimiento de su obligaci\u00f3n de secreto de los datos de car\u00e1cter personal y de su deber de tratarlos con confidencialidad y, asume a estos efectos, las medidas de \u00edndole t\u00e9cnica, organizativa y de seguridad necesarias para evitar su alteraci\u00f3n, p\u00e9rdida, tratamiento o acceso no autorizado, de acuerdo con lo establecido en la Ley Org\u00e1nica 15\/1999, de 13 de diciembre, de Protecci\u00f3n de Datos de Car\u00e1cter Personal , RGPD del 2016 y dem\u00e1s legislaciones aplicables.<\/p>\n<p>&#13;<\/p>\n<p>VICENTE TORNS se reserva el derecho a modificar su Pol\u00edtica sobre Protecci\u00f3n de Datos en cualquier momento con el fin de adaptarla a novedades o cambios legislativos, jurisprudenciales o, de los criterios seguidos por la Agencia Espa\u00f1ola de Protecci\u00f3n de Datos y\/o la autoridad competente en cada momento, lo que anunciar\u00e1 oportunamente a trav\u00e9s de la Web.<\/p>\n<p>&#13;<\/p>\n<p><strong>RESPONSABILIDADES<\/strong><\/p>\n<p>&#13;<\/p>\n<p>Al poner a disposici\u00f3n del Usuario nuestra Web intentamos ofrecerle contenidos y servicios de calidad, utilizando la m\u00e1xima diligencia no solo en la prestaci\u00f3n de los mismos, sino tambi\u00e9n en los medios tecnol\u00f3gicos utilizados. No obstante no responderemos por la presencia de virus o cualquier otro elemento que de alg\u00fan modo puedan da\u00f1ar el sistema inform\u00e1tico, documentos y ficheros del Usuario.<\/p>\n<p>&#13;<\/p>\n<p>VICENTE TORNS no garantiza el correcto funcionamiento respecto a la disponibilidad y continuidad de su Web. En la medida de lo posible intentaremos poner en conocimiento del Usuario cualquier interrupci\u00f3n en el servicio, subsan\u00e1ndolo a la mayor brevedad. No obstante quedamos eximidos de cualquier responsabilidad derivada del incorrecto funcionamiento o interrupciones de la Web.<\/p>\n<p>&#13;<\/p>\n<p>Todo lo referente a la presente Web se rige exclusivamente por las Leyes Espa\u00f1olas.<\/p>\n<p>&#13;<\/p>\n<p><strong>ATENCION<\/strong><\/p>\n<p>&#13;<\/p>\n<p>Las presentes condiciones generales de uso han sido establecidas por el VICENTE TORNS en Mayo 2016. En cualquier momento podemos proceder a su modificaci\u00f3n, compruebe la fecha de emisi\u00f3n en cada ocasi\u00f3n en que se conecte a nuestra Web y as\u00ed obtendr\u00e1 la certeza de que no se ha producido modificaci\u00f3n alguna que le afecte. Para cualquier aclaraci\u00f3n respecto a las condiciones de uso de nuestra Web puede ponerse en contacto con nosotros utilizando la direcci\u00f3n de correo electr\u00f3nico info@vicentetorns.com.<\/p>\n<p>&#13;<\/p>\n<\/div><\/div><\/div><\/div><\/div>\n","protected":false},"excerpt":{"rendered":"","protected":false},"author":1,"featured_media":0,"parent":0,"menu_order":0,"comment_status":"closed","ping_status":"open","template":"","meta":{"footnotes":""},"class_list":["post-608","page","type-page","status-publish","hentry"],"yoast_head":"<!-- This site is optimized with the Yoast SEO plugin v27.4 - https:\/\/yoast.com\/product\/yoast-seo-wordpress\/ -->\n<title>Privacy Policy | Vicente Torns<\/title>\n<meta name=\"description\" content=\"Check Vicente Torns&#039; privacy policy. Information on the processing of your personal data in accordance with the GDPR and the LOPDGDD.\" \/>\n<meta name=\"robots\" content=\"index, follow, max-snippet:-1, max-image-preview:large, max-video-preview:-1\" \/>\n<link rel=\"canonical\" href=\"https:\/\/vicentetorns.com\/en\/privacy-policy\/\" \/>\n<meta property=\"og:locale\" content=\"en_US\" \/>\n<meta property=\"og:type\" content=\"article\" \/>\n<meta property=\"og:title\" content=\"Privacy Policy | Vicente Torns\" \/>\n<meta property=\"og:description\" content=\"Check Vicente Torns&#039; privacy policy. Information on the processing of your personal data in accordance with the GDPR and the LOPDGDD.\" \/>\n<meta property=\"og:url\" content=\"https:\/\/vicentetorns.com\/en\/privacy-policy\/\" \/>\n<meta property=\"og:site_name\" content=\"Vicente Torns\" \/>\n<meta property=\"article:modified_time\" content=\"2026-02-27T09:41:49+00:00\" \/>\n<meta name=\"twitter:card\" content=\"summary_large_image\" \/>\n<meta name=\"twitter:label1\" content=\"Est. reading time\" \/>\n\t<meta name=\"twitter:data1\" content=\"6 minutes\" \/>\n<script type=\"application\/ld+json\" class=\"yoast-schema-graph\">{\"@context\":\"https:\\\/\\\/schema.org\",\"@graph\":[{\"@type\":\"WebPage\",\"@id\":\"https:\\\/\\\/vicentetorns.com\\\/en\\\/privacy-policy\\\/\",\"url\":\"https:\\\/\\\/vicentetorns.com\\\/en\\\/privacy-policy\\\/\",\"name\":\"Privacy Policy | Vicente Torns\",\"isPartOf\":{\"@id\":\"https:\\\/\\\/vicentetorns.com\\\/en\\\/#website\"},\"datePublished\":\"2021-03-24T15:20:22+00:00\",\"dateModified\":\"2026-02-27T09:41:49+00:00\",\"description\":\"Check Vicente Torns' privacy policy. Information on the processing of your personal data in accordance with the GDPR and the LOPDGDD.\",\"breadcrumb\":{\"@id\":\"https:\\\/\\\/vicentetorns.com\\\/en\\\/privacy-policy\\\/#breadcrumb\"},\"inLanguage\":\"en-US\",\"potentialAction\":[{\"@type\":\"ReadAction\",\"target\":[\"https:\\\/\\\/vicentetorns.com\\\/en\\\/privacy-policy\\\/\"]}]},{\"@type\":\"BreadcrumbList\",\"@id\":\"https:\\\/\\\/vicentetorns.com\\\/en\\\/privacy-policy\\\/#breadcrumb\",\"itemListElement\":[{\"@type\":\"ListItem\",\"position\":1,\"name\":\"Front page\",\"item\":\"https:\\\/\\\/vicentetorns.com\\\/en\\\/home\\\/\"},{\"@type\":\"ListItem\",\"position\":2,\"name\":\"Privacy Policy\"}]},{\"@type\":\"WebSite\",\"@id\":\"https:\\\/\\\/vicentetorns.com\\\/en\\\/#website\",\"url\":\"https:\\\/\\\/vicentetorns.com\\\/en\\\/\",\"name\":\"VicenteTorns\",\"description\":\"Just another WordPress site\",\"potentialAction\":[{\"@type\":\"SearchAction\",\"target\":{\"@type\":\"EntryPoint\",\"urlTemplate\":\"https:\\\/\\\/vicentetorns.com\\\/en\\\/?s={search_term_string}\"},\"query-input\":{\"@type\":\"PropertyValueSpecification\",\"valueRequired\":true,\"valueName\":\"search_term_string\"}}],\"inLanguage\":\"en-US\"}]}<\/script>\n<!-- \/ Yoast SEO plugin. -->","yoast_head_json":{"title":"Privacy Policy | Vicente Torns","description":"Check Vicente Torns' privacy policy. Information on the processing of your personal data in accordance with the GDPR and the LOPDGDD.","robots":{"index":"index","follow":"follow","max-snippet":"max-snippet:-1","max-image-preview":"max-image-preview:large","max-video-preview":"max-video-preview:-1"},"canonical":"https:\/\/vicentetorns.com\/en\/privacy-policy\/","og_locale":"en_US","og_type":"article","og_title":"Privacy Policy | Vicente Torns","og_description":"Check Vicente Torns' privacy policy. Information on the processing of your personal data in accordance with the GDPR and the LOPDGDD.","og_url":"https:\/\/vicentetorns.com\/en\/privacy-policy\/","og_site_name":"Vicente Torns","article_modified_time":"2026-02-27T09:41:49+00:00","twitter_card":"summary_large_image","twitter_misc":{"Est. reading time":"6 minutes"},"schema":{"@context":"https:\/\/schema.org","@graph":[{"@type":"WebPage","@id":"https:\/\/vicentetorns.com\/en\/privacy-policy\/","url":"https:\/\/vicentetorns.com\/en\/privacy-policy\/","name":"Privacy Policy | Vicente Torns","isPartOf":{"@id":"https:\/\/vicentetorns.com\/en\/#website"},"datePublished":"2021-03-24T15:20:22+00:00","dateModified":"2026-02-27T09:41:49+00:00","description":"Check Vicente Torns' privacy policy. Information on the processing of your personal data in accordance with the GDPR and the LOPDGDD.","breadcrumb":{"@id":"https:\/\/vicentetorns.com\/en\/privacy-policy\/#breadcrumb"},"inLanguage":"en-US","potentialAction":[{"@type":"ReadAction","target":["https:\/\/vicentetorns.com\/en\/privacy-policy\/"]}]},{"@type":"BreadcrumbList","@id":"https:\/\/vicentetorns.com\/en\/privacy-policy\/#breadcrumb","itemListElement":[{"@type":"ListItem","position":1,"name":"Front page","item":"https:\/\/vicentetorns.com\/en\/home\/"},{"@type":"ListItem","position":2,"name":"Privacy Policy"}]},{"@type":"WebSite","@id":"https:\/\/vicentetorns.com\/en\/#website","url":"https:\/\/vicentetorns.com\/en\/","name":"VicenteTorns","description":"Just another WordPress site","potentialAction":[{"@type":"SearchAction","target":{"@type":"EntryPoint","urlTemplate":"https:\/\/vicentetorns.com\/en\/?s={search_term_string}"},"query-input":{"@type":"PropertyValueSpecification","valueRequired":true,"valueName":"search_term_string"}}],"inLanguage":"en-US"}]}},"_links":{"self":[{"href":"https:\/\/vicentetorns.com\/en\/wp-json\/wp\/v2\/pages\/608","targetHints":{"allow":["GET"]}}],"collection":[{"href":"https:\/\/vicentetorns.com\/en\/wp-json\/wp\/v2\/pages"}],"about":[{"href":"https:\/\/vicentetorns.com\/en\/wp-json\/wp\/v2\/types\/page"}],"author":[{"embeddable":true,"href":"https:\/\/vicentetorns.com\/en\/wp-json\/wp\/v2\/users\/1"}],"replies":[{"embeddable":true,"href":"https:\/\/vicentetorns.com\/en\/wp-json\/wp\/v2\/comments?post=608"}],"version-history":[{"count":10,"href":"https:\/\/vicentetorns.com\/en\/wp-json\/wp\/v2\/pages\/608\/revisions"}],"predecessor-version":[{"id":2301,"href":"https:\/\/vicentetorns.com\/en\/wp-json\/wp\/v2\/pages\/608\/revisions\/2301"}],"wp:attachment":[{"href":"https:\/\/vicentetorns.com\/en\/wp-json\/wp\/v2\/media?parent=608"}],"curies":[{"name":"wp","href":"https:\/\/api.w.org\/{rel}","templated":true}]}}